{"id":329,"date":"2016-01-26T14:34:48","date_gmt":"2016-01-26T13:34:48","guid":{"rendered":"http:\/\/v2.online-marketwatch.com:8080\/wp\/?page_id=329"},"modified":"2022-09-20T14:47:36","modified_gmt":"2022-09-20T12:47:36","slug":"unser-service","status":"publish","type":"page","link":"https:\/\/www.sobieski-apartments.at\/","title":{"rendered":"Graf Sobieski Apartments Vienna"},"content":{"rendered":"<p>[vc_row][vc_column width=&#8221;1\/4&#8243;][vc_single_image image=&#8221;120&#8243; img_size=&#8221;medium&#8221;][\/vc_column][vc_column width=&#8221;3\/4&#8243;][vc_column_text]<\/p>\n<p style=\"text-align: left;\"><strong>We offer nice and affordable apartments <br \/><\/strong><strong>in top-locations in Vienna.<br \/><\/strong><\/p>\n<p>[\/vc_column_text][\/vc_column][\/vc_row][vc_row][vc_column][vc_wp_text]<h2 id=\"tablepress-3-name\" class=\"tablepress-table-name tablepress-table-name-id-3\">Our Apartments<\/h2>\n\n<table id=\"tablepress-3\" class=\"tablepress tablepress-id-3\" aria-labelledby=\"tablepress-3-name\">\n<thead>\n<tr class=\"row-1 odd\">\n\t<th class=\"column-1\">Apartment<\/th><th class=\"column-2\">Persons<\/th><th class=\"column-3\">bedrooms<\/th><th class=\"column-4\">Location<\/th><th class=\"column-5\">Highlights<\/th>\n<\/tr>\n<\/thead>\n<tbody class=\"row-hover\">\n<tr class=\"row-2 even\">\n\t<td class=\"column-1\"><a href=\"http:\/\/www.sobieski-apartments.at\/wp\/?page_id=240\">A6<\/a><\/td><td class=\"column-2\">2-6 persons<\/td><td class=\"column-3\">1 BR<\/td><td class=\"column-4\">historic city center<\/td><td class=\"column-5\">very central and economic, district 1<\/td>\n<\/tr>\n<tr class=\"row-3 odd\">\n\t<td class=\"column-1\"><a href=\"http:\/\/www.sobieski-apartments.at\/wp\/?page_id=774\">A7<\/a><\/td><td class=\"column-2\">3-7 persons<\/td><td class=\"column-3\">3 BR<\/td><td class=\"column-4\">historic city center<\/td><td class=\"column-5\">huge, 2 floors,<br \/>\ndistrict 1<\/td>\n<\/tr>\n<tr class=\"row-4 even\">\n\t<td class=\"column-1\"><a href=\"http:\/\/www.sobieski-apartments.at\/wp\/?page_id=2006\">A8<\/a><\/td><td class=\"column-2\">2-6 persons<\/td><td class=\"column-3\">1 BR<\/td><td class=\"column-4\">historic city center<\/td><td class=\"column-5\">very central and economic, 2 floors,<br \/>\ndistrict 1<\/td>\n<\/tr>\n<tr class=\"row-5 odd\">\n\t<td class=\"column-1\"><a href=\"http:\/\/www.sobieski-apartments.at\/wp\/?page_id=776\">A9<\/a><\/td><td class=\"column-2\">3-10 persons<\/td><td class=\"column-3\">3 BR<\/td><td class=\"column-4\">central residential area<\/td><td class=\"column-5\">huge, spacious and very quite, central<\/td>\n<\/tr>\n<tr class=\"row-6 even\">\n\t<td class=\"column-1\"><a href=\"http:\/\/www.sobieski-apartments.at\/wp\/?page_id=778\">A10<\/a><\/td><td class=\"column-2\">long-term rental<\/td><td class=\"column-3\">2 BR<\/td><td class=\"column-4\">historic city center<\/td><td class=\"column-5\">central, nice living room<\/td>\n<\/tr>\n<tr class=\"row-7 odd\">\n\t<td class=\"column-1\"><a href=\"http:\/\/www.sobieski-apartments.at\/wp\/?page_id=780\">A11<\/a><\/td><td class=\"column-2\">3-8 persons<\/td><td class=\"column-3\">3 BR<\/td><td class=\"column-4\">historic city center<\/td><td class=\"column-5\">three bedrooms, central<\/td>\n<\/tr>\n<tr class=\"row-8 even\">\n\t<td class=\"column-1\"><a href=\"http:\/\/www.sobieski-apartments.at\/wp\/?page_id=908\">A12<\/a><\/td><td class=\"column-2\">2-7 persons<\/td><td class=\"column-3\">2 BR<\/td><td class=\"column-4\">historic city center<\/td><td class=\"column-5\">central, bright, airy<\/td>\n<\/tr>\n<tr class=\"row-9 odd\">\n\t<td class=\"column-1\"><a href=\"http:\/\/www.sobieski-apartments.at\/wp\/?page_id=1883\">A14<\/a><\/td><td class=\"column-2\">3-9 persons<\/td><td class=\"column-3\">3 BR<\/td><td class=\"column-4\">historic city center<\/td><td class=\"column-5\">three bedrooms, central, AC, deluxe<\/td>\n<\/tr>\n<tr class=\"row-10 even\">\n\t<td class=\"column-1\"><a href=\"http:\/\/www.sobieski-apartments.at\/wp\/?page_id=1891\">A15<\/a><\/td><td class=\"column-2\">2-8 persons<\/td><td class=\"column-3\">2 BR<\/td><td class=\"column-4\">historic city center<\/td><td class=\"column-5\">very central, AC, deluxe<\/td>\n<\/tr>\n<tr class=\"row-11 odd\">\n\t<td class=\"column-1\"><a href=\"http:\/\/www.sobieski-apartments.at\/wp\/?page_id=1899\">A16<\/a><\/td><td class=\"column-2\">2-7<\/td><td class=\"column-3\">2 BR<\/td><td class=\"column-4\">historic city center<\/td><td class=\"column-5\">very central, AC, calm<\/td>\n<\/tr>\n<tr class=\"row-12 even\">\n\t<td class=\"column-1\"><a href=\"http:\/\/www.sobieski-apartments.at\/wp\/?page_id=1910\">A17<\/a><\/td><td class=\"column-2\">1-6<\/td><td class=\"column-3\">Loft<\/td><td class=\"column-4\">historic city center<\/td><td class=\"column-5\">very central, AC, stylish<\/td>\n<\/tr>\n<tr class=\"row-13 odd\">\n\t<td class=\"column-1\"><a href=\"http:\/\/www.sobieski-apartments.at\/wp\/?page_id=754\">A1190 Vindobona<\/a><\/td><td class=\"column-2\">2-6 persons<\/td><td class=\"column-3\">2 BR<\/td><td class=\"column-4\">green area<\/td><td class=\"column-5\">superior class<\/td>\n<\/tr>\n<tr class=\"row-14 even\">\n\t<td class=\"column-1\"><a href=\"http:\/\/www.sobieski-apartments.at\/wp\/?page_id=749\">Vienna Cottage<\/a><\/td><td class=\"column-2\">1-4 persons<\/td><td class=\"column-3\">1 BR<\/td><td class=\"column-4\">green area<\/td><td class=\"column-5\">nice little house with garden<\/td>\n<\/tr>\n<tr class=\"row-15 odd\">\n\t<td class=\"column-1\"><a href=\"http:\/\/www.sobieski-apartments.at\/wp\/?page_id=1155\">A21<\/a><\/td><td class=\"column-2\">3-5 persons<\/td><td class=\"column-3\">2 BR<\/td><td class=\"column-4\">St. Stephen Cathedral<\/td><td class=\"column-5\">super central!<br \/>\nHistorical flair!<\/td>\n<\/tr>\n<tr class=\"row-16 even\">\n\t<td class=\"column-1\"><a href=\"http:\/\/www.sobieski-apartments.at\/wp\/?page_id=1128\">A22<\/a><\/td><td class=\"column-2\">long-term rental<\/td><td class=\"column-3\">2 BR<\/td><td class=\"column-4\">St. Stephen Cathedral<\/td><td class=\"column-5\">super central!<\/td>\n<\/tr>\n<tr class=\"row-17 odd\">\n\t<td class=\"column-1\"><a href=\"http:\/\/www.sobieski-apartments.at\/wp\/?page_id=1107\">A23<\/a><\/td><td class=\"column-2\">long-term rental<\/td><td class=\"column-3\">2 BR<\/td><td class=\"column-4\">St. Stephen Cathedral<\/td><td class=\"column-5\">super central!<\/td>\n<\/tr>\n<tr class=\"row-18 even\">\n\t<td class=\"column-1\"><a href=\"http:\/\/www.sobieski-apartments.at\/wp\/?page_id=2057\">A24<\/a><\/td><td class=\"column-2\">1-3 persons<\/td><td class=\"column-3\">1 BR<\/td><td class=\"column-4\">St. Stephen Cathedral<\/td><td class=\"column-5\">super central!<br \/>\neconomic!<\/td>\n<\/tr>\n<tr class=\"row-19 odd\">\n\t<td class=\"column-1\"><a href=\"http:\/\/www.sobieski-apartments.at\/wp\/?page_id=1035\">A25<\/a><\/td><td class=\"column-2\">3-6 persons<\/td><td class=\"column-3\">2 BR<\/td><td class=\"column-4\">St. Stephen Cathedral<\/td><td class=\"column-5\">super central!<br \/>\nhuge!<\/td>\n<\/tr>\n<tr class=\"row-20 even\">\n\t<td class=\"column-1\"><a href=\"http:\/\/www.sobieski-apartments.at\/wp\/?page_id=1071\">A26<\/a><\/td><td class=\"column-2\">3-6 persons<\/td><td class=\"column-3\">2 BR<\/td><td class=\"column-4\">St. Stephen Cathedral<\/td><td class=\"column-5\">super central!<br \/>\nhuge!<\/td>\n<\/tr>\n<tr class=\"row-21 odd\">\n\t<td class=\"column-1\"><a href=\"https:\/\/www.sobieski-apartments.at\/?page_id=2032\">A31<\/a><\/td><td class=\"column-2\">2-8 persons<\/td><td class=\"column-3\">2 BR<\/td><td class=\"column-4\">central, close to inner ring<\/td><td class=\"column-5\">air conditioned, perfect for groups, central<\/td>\n<\/tr>\n<tr class=\"row-22 even\">\n\t<td class=\"column-1\"><a href=\"https:\/\/www.sobieski-apartments.at\/?page_id=1417\">A32<\/a><\/td><td class=\"column-2\">1-5 persons<\/td><td class=\"column-3\">1 BR<\/td><td class=\"column-4\">central, close to inner ring<\/td><td class=\"column-5\">air conditioned, central<\/td>\n<\/tr>\n<tr class=\"row-23 odd\">\n\t<td class=\"column-1\"><a href=\"https:\/\/www.sobieski-apartments.at\/?page_id=1698\">A33<\/a><\/td><td class=\"column-2\">2-7 persons<\/td><td class=\"column-3\">2 BR<\/td><td class=\"column-4\">central, close to inner ring<\/td><td class=\"column-5\">air conditioned, perfect for groups, central<\/td>\n<\/tr>\n<\/tbody>\n<\/table>\n<!-- #tablepress-3 from cache -->[\/vc_wp_text][\/vc_column][\/vc_row][vc_row][vc_column][vc_btn title=&#8221;Prices &amp; Reservation&#8221; color=&#8221;green&#8221; align=&#8221;center&#8221; link=&#8221;url:https%3A%2F%2Fibe.sabeeapp.com%2Fproperties%2FSobieski-Apartments-Vienna-booking%2F%3Fp%3DbSpa330bbdcc5022a95%26l%3Den||target:%20_blank|&#8221;][vc_column_text]<\/p>\n<p>[\/vc_column_text][\/vc_column][\/vc_row][vc_row disable_element=&#8221;yes&#8221;][vc_column width=&#8221;1\/3&#8243;][vc_single_image image=&#8221;216&#8243; img_size=&#8221;220&#215;160&#8243; alignment=&#8221;center&#8221; style=&#8221;vc_box_outline&#8221;][vc_column_text]<\/p>\n<h2 style=\"text-align: center;\">easy<br \/>\n24h check-in<\/h2>\n<ul>\n<li style=\"text-align: left;\">Durch ein automatisches self-service checkin-System k\u00f6nnen Sie im Prinzip Anreisen wann immer Sie m\u00f6chten. Auch late-checkins (nach 22:00 Uhr) sind kein Problem.<\/li>\n<li style=\"text-align: left;\">Unser Terminal kennt Ihre Buchung und gibt Ihnen den Schl\u00fcssel zu Ihrem Apartment.<\/li>\n<\/ul>\n<p>[\/vc_column_text][\/vc_column][vc_column width=&#8221;1\/3&#8243;][vc_single_image image=&#8221;194&#8243; img_size=&#8221;220&#215;160&#8243; alignment=&#8221;center&#8221; style=&#8221;vc_box_outline&#8221;][vc_column_text]<\/p>\n<h2 style=\"text-align: center;\">Ausstattung und Service<\/h2>\n<ul>\n<li style=\"text-align: left;\">Wir stellen Ihnen Ihr Apartment bei Anreise mit gereinigt und mit voller Ausstattung zur Verf\u00fcgung. Handt\u00fccher und Bettw\u00e4sche sind selbstverst\u00e4ndlich inkludiert.<\/li>\n<li style=\"text-align: left;\">Alle Apartments verf\u00fcgen \u00fcber Kaffeemaschine, K\u00fcchenausstattung, Wasserkocher und \u00fcblichen Utensilien bis zum Haartrockner.<\/li>\n<li style=\"text-align: left;\">kostenloses WiFi-Internet steht Ihnen in allen Apartments zur Verf\u00fcgung<\/li>\n<\/ul>\n<p>[\/vc_column_text][\/vc_column][vc_column width=&#8221;1\/3&#8243;][vc_single_image image=&#8221;222&#8243; img_size=&#8221;220&#215;160&#8243; alignment=&#8221;center&#8221; style=&#8221;vc_box_outline&#8221;][vc_column_text]<\/p>\n<h2 style=\"text-align: center;\">Professionelle Abwicklung<\/h2>\n<p style=\"text-align: center;\">Von Anfang bis Ende m\u00f6chten wir Ihnen einen reibungslosen Ablauf bieten:<\/p>\n<ul>\n<li style=\"text-align: left;\">direkt buchen oder \u00fcber Portale<\/li>\n<li style=\"text-align: left;\">bezahlen mit Kreditkarte, Bankomat oder in bar<\/li>\n<li style=\"text-align: left;\">erreichen uns jederzeit \u00fcber Hotline oder Email<\/li>\n<li style=\"text-align: left;\">erhalten eine vollst\u00e4ndige Firmenrechnung mit ausgewiesener Mwst.<\/li>\n<\/ul>\n<p>[\/vc_column_text][\/vc_column][\/vc_row]<\/p>\n","protected":false},"excerpt":{"rendered":"<p>[vc_row][vc_column width=&#8221;1\/4&#8243;][vc_single_image image=&#8221;120&#8243; img_size=&#8221;medium&#8221;][\/vc_column][vc_column width=&#8221;3\/4&#8243;][vc_column_text] We offer nice and affordable apartments in top-locations in Vienna. [\/vc_column_text][\/vc_column][\/vc_row][vc_row][vc_column][vc_wp_text][\/vc_wp_text][\/vc_column][\/vc_row][vc_row][vc_column][vc_btn title=&#8221;Prices &amp; Reservation&#8221; color=&#8221;green&#8221; align=&#8221;center&#8221; link=&#8221;url:https%3A%2F%2Fibe.sabeeapp.com%2Fproperties%2FSobieski-Apartments-Vienna-booking%2F%3Fp%3DbSpa330bbdcc5022a95%26l%3Den||target:%20_blank|&#8221;][vc_column_text] [\/vc_column_text][\/vc_column][\/vc_row][vc_row disable_element=&#8221;yes&#8221;][vc_column width=&#8221;1\/3&#8243;][vc_single_image image=&#8221;216&#8243; img_size=&#8221;220&#215;160&#8243; alignment=&#8221;center&#8221; style=&#8221;vc_box_outline&#8221;][vc_column_text] easy 24h check-in Durch ein automatisches self-service checkin-System k\u00f6nnen Sie im Prinzip Anreisen wann immer Sie m\u00f6chten. Auch late-checkins (nach 22:00 Uhr) sind kein Problem. Unser [&hellip;]<\/p>\n","protected":false},"author":1,"featured_media":0,"parent":0,"menu_order":0,"comment_status":"closed","ping_status":"closed","template":"","meta":{"_joinchat":[],"footnotes":""},"class_list":["post-329","page","type-page","status-publish","hentry","post"],"_links":{"self":[{"href":"https:\/\/www.sobieski-apartments.at\/index.php?rest_route=\/wp\/v2\/pages\/329","targetHints":{"allow":["GET"]}}],"collection":[{"href":"https:\/\/www.sobieski-apartments.at\/index.php?rest_route=\/wp\/v2\/pages"}],"about":[{"href":"https:\/\/www.sobieski-apartments.at\/index.php?rest_route=\/wp\/v2\/types\/page"}],"author":[{"embeddable":true,"href":"https:\/\/www.sobieski-apartments.at\/index.php?rest_route=\/wp\/v2\/users\/1"}],"replies":[{"embeddable":true,"href":"https:\/\/www.sobieski-apartments.at\/index.php?rest_route=%2Fwp%2Fv2%2Fcomments&post=329"}],"version-history":[{"count":27,"href":"https:\/\/www.sobieski-apartments.at\/index.php?rest_route=\/wp\/v2\/pages\/329\/revisions"}],"predecessor-version":[{"id":1790,"href":"https:\/\/www.sobieski-apartments.at\/index.php?rest_route=\/wp\/v2\/pages\/329\/revisions\/1790"}],"wp:attachment":[{"href":"https:\/\/www.sobieski-apartments.at\/index.php?rest_route=%2Fwp%2Fv2%2Fmedia&parent=329"}],"curies":[{"name":"wp","href":"https:\/\/api.w.org\/{rel}","templated":true}]}}